{"id":1486,"date":"2020-01-27T10:17:32","date_gmt":"2020-01-27T15:17:32","guid":{"rendered":"http:\/\/lpavocate.flywheelsites.com\/equipe\/"},"modified":"2025-09-02T12:14:33","modified_gmt":"2025-09-02T16:14:33","slug":"equipe","status":"publish","type":"page","link":"https:\/\/lpavocate.com\/en\/equipe\/","title":{"rendered":"Our team"},"content":{"rendered":"","protected":false},"excerpt":{"rendered":"","protected":false},"author":1,"featured_media":2241,"parent":0,"menu_order":0,"comment_status":"closed","ping_status":"closed","template":"template-full-width-equipe.php","meta":{"_acf_changed":false,"inline_featured_image":false,"footnotes":""},"class_list":["post-1486","page","type-page","status-publish","has-post-thumbnail","hentry"],"acf":[],"yoast_head":"<!-- This site is optimized with the Yoast SEO plugin v27.3 - https:\/\/yoast.com\/product\/yoast-seo-wordpress\/ -->\n<title>Accident\u00e9s de la route | SAAQ | accident\u00e9s du travail | CNESST | Civil | \u00c9quipe | Avocates<\/title>\n<meta name=\"description\" content=\"LP Avocate a d\u00e9velopp\u00e9 une approche efficace pour repr\u00e9senter les accident\u00e9s de la route contre la SAAQ et les accident\u00e9s du travail contre la CNESST.\" \/>\n<meta name=\"robots\" content=\"index, follow, max-snippet:-1, max-image-preview:large, max-video-preview:-1\" \/>\n<link rel=\"canonical\" href=\"https:\/\/lpavocate.com\/en\/equipe\/\" \/>\n<meta property=\"og:locale\" content=\"en_US\" \/>\n<meta property=\"og:type\" content=\"article\" \/>\n<meta property=\"og:title\" content=\"Accident\u00e9s de la route | SAAQ | accident\u00e9s du travail | CNESST | Civil | \u00c9quipe | Avocates\" \/>\n<meta property=\"og:description\" content=\"LP Avocate a d\u00e9velopp\u00e9 une approche efficace pour repr\u00e9senter les accident\u00e9s de la route contre la SAAQ et les accident\u00e9s du travail contre la CNESST.\" \/>\n<meta property=\"og:url\" content=\"https:\/\/lpavocate.com\/en\/equipe\/\" \/>\n<meta property=\"og:site_name\" content=\"LP Avocates\" \/>\n<meta property=\"article:modified_time\" content=\"2025-09-02T16:14:33+00:00\" \/>\n<meta property=\"og:image\" content=\"https:\/\/lpavocate.com\/wp-content\/uploads\/2025\/08\/LP-20-Equipe-complete.png\" \/>\n\t<meta property=\"og:image:width\" content=\"911\" \/>\n\t<meta property=\"og:image:height\" content=\"886\" \/>\n\t<meta property=\"og:image:type\" content=\"image\/png\" \/>\n<meta name=\"twitter:card\" content=\"summary_large_image\" \/>\n<meta name=\"twitter:label1\" content=\"Est. reading time\" \/>\n\t<meta name=\"twitter:data1\" content=\"7 minutes\" \/>\n<script type=\"application\/ld+json\" class=\"yoast-schema-graph\">{\"@context\":\"https:\\\/\\\/schema.org\",\"@graph\":[{\"@type\":\"WebPage\",\"@id\":\"https:\\\/\\\/lpavocate.com\\\/en\\\/equipe\\\/\",\"url\":\"https:\\\/\\\/lpavocate.com\\\/en\\\/equipe\\\/\",\"name\":\"Accident\u00e9s de la route | SAAQ | accident\u00e9s du travail | CNESST | Civil | \u00c9quipe | Avocates\",\"isPartOf\":{\"@id\":\"https:\\\/\\\/lpavocate.com\\\/en\\\/#website\"},\"primaryImageOfPage\":{\"@id\":\"https:\\\/\\\/lpavocate.com\\\/en\\\/equipe\\\/#primaryimage\"},\"image\":{\"@id\":\"https:\\\/\\\/lpavocate.com\\\/en\\\/equipe\\\/#primaryimage\"},\"thumbnailUrl\":\"https:\\\/\\\/lpavocate.com\\\/wp-content\\\/uploads\\\/2025\\\/08\\\/LP-20-Equipe-complete.png\",\"datePublished\":\"2020-01-27T15:17:32+00:00\",\"dateModified\":\"2025-09-02T16:14:33+00:00\",\"description\":\"LP Avocate a d\u00e9velopp\u00e9 une approche efficace pour repr\u00e9senter les accident\u00e9s de la route contre la SAAQ et les accident\u00e9s du travail contre la CNESST.\",\"breadcrumb\":{\"@id\":\"https:\\\/\\\/lpavocate.com\\\/en\\\/equipe\\\/#breadcrumb\"},\"inLanguage\":\"en-US\",\"potentialAction\":[{\"@type\":\"ReadAction\",\"target\":[\"https:\\\/\\\/lpavocate.com\\\/en\\\/equipe\\\/\"]}]},{\"@type\":\"ImageObject\",\"inLanguage\":\"en-US\",\"@id\":\"https:\\\/\\\/lpavocate.com\\\/en\\\/equipe\\\/#primaryimage\",\"url\":\"https:\\\/\\\/lpavocate.com\\\/wp-content\\\/uploads\\\/2025\\\/08\\\/LP-20-Equipe-complete.png\",\"contentUrl\":\"https:\\\/\\\/lpavocate.com\\\/wp-content\\\/uploads\\\/2025\\\/08\\\/LP-20-Equipe-complete.png\",\"width\":911,\"height\":886},{\"@type\":\"BreadcrumbList\",\"@id\":\"https:\\\/\\\/lpavocate.com\\\/en\\\/equipe\\\/#breadcrumb\",\"itemListElement\":[{\"@type\":\"ListItem\",\"position\":1,\"name\":\"Home\",\"item\":\"https:\\\/\\\/lpavocate.com\\\/en\\\/\"},{\"@type\":\"ListItem\",\"position\":2,\"name\":\"Our team\"}]},{\"@type\":\"WebSite\",\"@id\":\"https:\\\/\\\/lpavocate.com\\\/en\\\/#website\",\"url\":\"https:\\\/\\\/lpavocate.com\\\/en\\\/\",\"name\":\"LP Avocates\",\"description\":\"\",\"publisher\":{\"@id\":\"https:\\\/\\\/lpavocate.com\\\/en\\\/#organization\"},\"potentialAction\":[{\"@type\":\"SearchAction\",\"target\":{\"@type\":\"EntryPoint\",\"urlTemplate\":\"https:\\\/\\\/lpavocate.com\\\/en\\\/?s={search_term_string}\"},\"query-input\":{\"@type\":\"PropertyValueSpecification\",\"valueRequired\":true,\"valueName\":\"search_term_string\"}}],\"inLanguage\":\"en-US\"},{\"@type\":\"Organization\",\"@id\":\"https:\\\/\\\/lpavocate.com\\\/en\\\/#organization\",\"name\":\"LP Avocate\",\"url\":\"https:\\\/\\\/lpavocate.com\\\/en\\\/\",\"logo\":{\"@type\":\"ImageObject\",\"inLanguage\":\"en-US\",\"@id\":\"https:\\\/\\\/lpavocate.com\\\/en\\\/#\\\/schema\\\/logo\\\/image\\\/\",\"url\":\"https:\\\/\\\/lpavocate.com\\\/wp-content\\\/uploads\\\/2021\\\/09\\\/lp-avocate-logo.jpg\",\"contentUrl\":\"https:\\\/\\\/lpavocate.com\\\/wp-content\\\/uploads\\\/2021\\\/09\\\/lp-avocate-logo.jpg\",\"width\":400,\"height\":400,\"caption\":\"LP Avocate\"},\"image\":{\"@id\":\"https:\\\/\\\/lpavocate.com\\\/en\\\/#\\\/schema\\\/logo\\\/image\\\/\"}}]}<\/script>\n<!-- \/ Yoast SEO plugin. -->","yoast_head_json":{"title":"Accident\u00e9s de la route | SAAQ | accident\u00e9s du travail | CNESST | Civil | \u00c9quipe | Avocates","description":"LP Avocate a d\u00e9velopp\u00e9 une approche efficace pour repr\u00e9senter les accident\u00e9s de la route contre la SAAQ et les accident\u00e9s du travail contre la CNESST.","robots":{"index":"index","follow":"follow","max-snippet":"max-snippet:-1","max-image-preview":"max-image-preview:large","max-video-preview":"max-video-preview:-1"},"canonical":"https:\/\/lpavocate.com\/en\/equipe\/","og_locale":"en_US","og_type":"article","og_title":"Accident\u00e9s de la route | SAAQ | accident\u00e9s du travail | CNESST | Civil | \u00c9quipe | Avocates","og_description":"LP Avocate a d\u00e9velopp\u00e9 une approche efficace pour repr\u00e9senter les accident\u00e9s de la route contre la SAAQ et les accident\u00e9s du travail contre la CNESST.","og_url":"https:\/\/lpavocate.com\/en\/equipe\/","og_site_name":"LP Avocates","article_modified_time":"2025-09-02T16:14:33+00:00","og_image":[{"width":911,"height":886,"url":"https:\/\/lpavocate.com\/wp-content\/uploads\/2025\/08\/LP-20-Equipe-complete.png","type":"image\/png"}],"twitter_card":"summary_large_image","twitter_misc":{"Est. reading time":"7 minutes"},"schema":{"@context":"https:\/\/schema.org","@graph":[{"@type":"WebPage","@id":"https:\/\/lpavocate.com\/en\/equipe\/","url":"https:\/\/lpavocate.com\/en\/equipe\/","name":"Accident\u00e9s de la route | SAAQ | accident\u00e9s du travail | CNESST | Civil | \u00c9quipe | Avocates","isPartOf":{"@id":"https:\/\/lpavocate.com\/en\/#website"},"primaryImageOfPage":{"@id":"https:\/\/lpavocate.com\/en\/equipe\/#primaryimage"},"image":{"@id":"https:\/\/lpavocate.com\/en\/equipe\/#primaryimage"},"thumbnailUrl":"https:\/\/lpavocate.com\/wp-content\/uploads\/2025\/08\/LP-20-Equipe-complete.png","datePublished":"2020-01-27T15:17:32+00:00","dateModified":"2025-09-02T16:14:33+00:00","description":"LP Avocate a d\u00e9velopp\u00e9 une approche efficace pour repr\u00e9senter les accident\u00e9s de la route contre la SAAQ et les accident\u00e9s du travail contre la CNESST.","breadcrumb":{"@id":"https:\/\/lpavocate.com\/en\/equipe\/#breadcrumb"},"inLanguage":"en-US","potentialAction":[{"@type":"ReadAction","target":["https:\/\/lpavocate.com\/en\/equipe\/"]}]},{"@type":"ImageObject","inLanguage":"en-US","@id":"https:\/\/lpavocate.com\/en\/equipe\/#primaryimage","url":"https:\/\/lpavocate.com\/wp-content\/uploads\/2025\/08\/LP-20-Equipe-complete.png","contentUrl":"https:\/\/lpavocate.com\/wp-content\/uploads\/2025\/08\/LP-20-Equipe-complete.png","width":911,"height":886},{"@type":"BreadcrumbList","@id":"https:\/\/lpavocate.com\/en\/equipe\/#breadcrumb","itemListElement":[{"@type":"ListItem","position":1,"name":"Home","item":"https:\/\/lpavocate.com\/en\/"},{"@type":"ListItem","position":2,"name":"Our team"}]},{"@type":"WebSite","@id":"https:\/\/lpavocate.com\/en\/#website","url":"https:\/\/lpavocate.com\/en\/","name":"LP Avocates","description":"","publisher":{"@id":"https:\/\/lpavocate.com\/en\/#organization"},"potentialAction":[{"@type":"SearchAction","target":{"@type":"EntryPoint","urlTemplate":"https:\/\/lpavocate.com\/en\/?s={search_term_string}"},"query-input":{"@type":"PropertyValueSpecification","valueRequired":true,"valueName":"search_term_string"}}],"inLanguage":"en-US"},{"@type":"Organization","@id":"https:\/\/lpavocate.com\/en\/#organization","name":"LP Avocate","url":"https:\/\/lpavocate.com\/en\/","logo":{"@type":"ImageObject","inLanguage":"en-US","@id":"https:\/\/lpavocate.com\/en\/#\/schema\/logo\/image\/","url":"https:\/\/lpavocate.com\/wp-content\/uploads\/2021\/09\/lp-avocate-logo.jpg","contentUrl":"https:\/\/lpavocate.com\/wp-content\/uploads\/2021\/09\/lp-avocate-logo.jpg","width":400,"height":400,"caption":"LP Avocate"},"image":{"@id":"https:\/\/lpavocate.com\/en\/#\/schema\/logo\/image\/"}}]}},"_links":{"self":[{"href":"https:\/\/lpavocate.com\/en\/wp-json\/wp\/v2\/pages\/1486","targetHints":{"allow":["GET"]}}],"collection":[{"href":"https:\/\/lpavocate.com\/en\/wp-json\/wp\/v2\/pages"}],"about":[{"href":"https:\/\/lpavocate.com\/en\/wp-json\/wp\/v2\/types\/page"}],"author":[{"embeddable":true,"href":"https:\/\/lpavocate.com\/en\/wp-json\/wp\/v2\/users\/1"}],"replies":[{"embeddable":true,"href":"https:\/\/lpavocate.com\/en\/wp-json\/wp\/v2\/comments?post=1486"}],"version-history":[{"count":0,"href":"https:\/\/lpavocate.com\/en\/wp-json\/wp\/v2\/pages\/1486\/revisions"}],"wp:featuredmedia":[{"embeddable":true,"href":"https:\/\/lpavocate.com\/en\/wp-json\/wp\/v2\/media\/2241"}],"wp:attachment":[{"href":"https:\/\/lpavocate.com\/en\/wp-json\/wp\/v2\/media?parent=1486"}],"curies":[{"name":"wp","href":"https:\/\/api.w.org\/{rel}","templated":true}]}}